{"id":1148,"date":"2025-04-22T09:44:42","date_gmt":"2025-04-22T09:44:42","guid":{"rendered":"https:\/\/fakt-kos.com\/?page_id=1148"},"modified":"2025-04-22T09:47:04","modified_gmt":"2025-04-22T09:47:04","slug":"shipping-policy","status":"publish","type":"page","link":"https:\/\/fakt-kos.com\/en\/shipping-policy\/","title":{"rendered":"Shipping Policy"},"content":{"rendered":"<div data-elementor-type=\"wp-page\" data-elementor-id=\"1148\" class=\"elementor elementor-1148\">\n\t\t\t\t\t\t<section class=\"elementor-section elementor-top-section elementor-element elementor-element-772fbfd9 elementor-section-boxed elementor-section-height-default elementor-section-height-default\" data-id=\"772fbfd9\" data-element_type=\"section\">\n\t\t\t\t\t\t<div class=\"elementor-container elementor-column-gap-default\">\n\t\t\t\t\t<div class=\"elementor-column elementor-col-100 elementor-top-column elementor-element elementor-element-5a73ff53\" data-id=\"5a73ff53\" data-element_type=\"column\">\n\t\t\t<div class=\"elementor-widget-wrap elementor-element-populated\">\n\t\t\t\t\t\t<div class=\"elementor-element elementor-element-3928459e elementor-widget elementor-widget-text-editor\" data-id=\"3928459e\" data-element_type=\"widget\" data-widget_type=\"text-editor.default\">\n\t\t\t\t<div class=\"elementor-widget-container\">\n\t\t\t\t\t\t\t\t\t<h3 class=\"\" data-start=\"124\" data-end=\"156\"><strong data-start=\"128\" data-end=\"154\">Delivery Policy<\/strong><\/h3>\n<p class=\"\" data-start=\"221\" data-end=\"303\">All services offered by <strong data-start=\"255\" data-end=\"274\">Fakt Consulting<\/strong> are <strong data-start=\"280\" data-end=\"302\">digital services<\/strong>.<\/p>\n<p data-start=\"305\" data-end=\"527\"><strong data-start=\"305\" data-end=\"327\">Delivery method:<\/strong><br data-start=\"327\" data-end=\"330\" \/>Our digital services are delivered via the <strong data-start=\"371\" data-end=\"395\">client's email address<\/strong>, which is provided during the order process. Delivery is made automatically to the specified address upon order completion.<\/p>\n<p class=\"\" data-start=\"529\" data-end=\"735\"><strong data-start=\"529\" data-end=\"550\">Delivery time:<\/strong><br data-start=\"550\" data-end=\"553\" \/>The service is delivered <strong data-start=\"585\" data-end=\"645\">immediately after the successful completion of the transaction<\/strong>. In the event of any technical delay, our team will notify the client promptly.<\/p>\n<p class=\"\" data-start=\"737\" data-end=\"868\">Please ensure that the email address provided during checkout is correct to avoid delays or incorrect deliveries.<\/p>\n<hr class=\"\" data-start=\"2601\" data-end=\"2604\" \/>\n<h3 class=\"\" data-start=\"2606\" data-end=\"2627\"><strong data-start=\"2610\" data-end=\"2627\">Contact Us<\/strong><\/h3>\n<p class=\"\" data-start=\"2628\" data-end=\"2675\">If you have any questions or concerns about this Privacy Policy, you can contact us at:<\/p>\n<p class=\"\" data-start=\"2677\" data-end=\"2821\"><strong data-start=\"2677\" data-end=\"2696\">Fakt Consulting<\/strong><br data-start=\"2696\" data-end=\"2699\" \/>\ud83d\udcde +383 45 727 727 \/ +383 38 712 244<br data-start=\"2735\" data-end=\"2738\" \/>\ud83d\udce7 <strong data-start=\"2741\" data-end=\"2771\"><a rel=\"noopener\" data-start=\"2743\" data-end=\"2769\">nazmi.bajrami@fakt-kos.com<\/a><\/strong><br data-start=\"2771\" data-end=\"2774\" \/>\ud83c\udf10 <a class=\"\" href=\"https:\/\/fakt-kos.com\/en\/\" target=\"_new\" rel=\"noopener\" data-start=\"2777\" data-end=\"2821\">www.fakt-kos.com<\/a><\/p>\n<p><!-- \/wp:paragraph --><\/p>\t\t\t\t\t\t\t\t<\/div>\n\t\t\t\t<\/div>\n\t\t\t\t\t<\/div>\n\t\t<\/div>\n\t\t\t\t\t<\/div>\n\t\t<\/section>\n\t\t\t\t<\/div>","protected":false},"excerpt":{"rendered":"<p>Politika e D\u00ebrges\u00ebs T\u00eb gjitha sh\u00ebrbimet e ofruara nga Fakt Consulting jan\u00eb sh\u00ebrbime digjitale. M\u00ebnyra e d\u00ebrges\u00ebs:Sh\u00ebrbimet tona digjitale d\u00ebrgohen p\u00ebrmes email-it t\u00eb klientit, t\u00eb cilin<span class=\"excerpt-hellip\"> [\u2026]<\/span><\/p>","protected":false},"author":2,"featured_media":0,"parent":0,"menu_order":0,"comment_status":"closed","ping_status":"open","template":"","meta":{"footnotes":""},"class_list":["post-1148","page","type-page","status-publish","hentry"],"aioseo_notices":[],"_links":{"self":[{"href":"https:\/\/fakt-kos.com\/en\/wp-json\/wp\/v2\/pages\/1148","targetHints":{"allow":["GET"]}}],"collection":[{"href":"https:\/\/fakt-kos.com\/en\/wp-json\/wp\/v2\/pages"}],"about":[{"href":"https:\/\/fakt-kos.com\/en\/wp-json\/wp\/v2\/types\/page"}],"author":[{"embeddable":true,"href":"https:\/\/fakt-kos.com\/en\/wp-json\/wp\/v2\/users\/2"}],"replies":[{"embeddable":true,"href":"https:\/\/fakt-kos.com\/en\/wp-json\/wp\/v2\/comments?post=1148"}],"version-history":[{"count":4,"href":"https:\/\/fakt-kos.com\/en\/wp-json\/wp\/v2\/pages\/1148\/revisions"}],"predecessor-version":[{"id":1152,"href":"https:\/\/fakt-kos.com\/en\/wp-json\/wp\/v2\/pages\/1148\/revisions\/1152"}],"wp:attachment":[{"href":"https:\/\/fakt-kos.com\/en\/wp-json\/wp\/v2\/media?parent=1148"}],"curies":[{"name":"wp","href":"https:\/\/api.w.org\/{rel}","templated":true}]}}