{"id":3,"date":"2023-05-25T07:47:21","date_gmt":"2023-05-25T07:47:21","guid":{"rendered":"https:\/\/da.ini-developersgrave.xyz\/?page_id=3"},"modified":"2025-04-11T09:17:57","modified_gmt":"2025-04-11T09:17:57","slug":"privacy-policy","status":"publish","type":"page","link":"https:\/\/fakt-kos.com\/en\/privacy-policy\/","title":{"rendered":"Privacy Policy"},"content":{"rendered":"<div data-elementor-type=\"wp-page\" data-elementor-id=\"3\" class=\"elementor elementor-3\">\n\t\t\t\t<section class=\"elementor-section elementor-top-section elementor-element elementor-element-772fbfd9 elementor-section-boxed elementor-section-height-default elementor-section-height-default\" data-id=\"772fbfd9\" data-element_type=\"section\">\n\t\t\t\t\t\t<div class=\"elementor-container elementor-column-gap-default\">\n\t\t\t\t\t<div class=\"elementor-column elementor-col-100 elementor-top-column elementor-element elementor-element-5a73ff53\" data-id=\"5a73ff53\" data-element_type=\"column\">\n\t\t\t<div class=\"elementor-widget-wrap elementor-element-populated\">\n\t\t\t\t\t\t<div class=\"elementor-element elementor-element-3928459e elementor-widget elementor-widget-text-editor\" data-id=\"3928459e\" data-element_type=\"widget\" data-widget_type=\"text-editor.default\">\n\t\t\t\t<div class=\"elementor-widget-container\"><h3 class=\"wp-block-heading\" data-start=\"124\" data-end=\"156\"><strong data-start=\"128\" data-end=\"154\">Privacy Policy<\/strong><\/h3>\n<p class=\"\" data-start=\"157\" data-end=\"281\"><strong data-start=\"157\" data-end=\"183\">Effective Date:<\/strong> 4\/11\/2025<br data-start=\"198\" data-end=\"201\" \/><strong data-start=\"201\" data-end=\"220\">Fakt Consulting<\/strong><br data-start=\"220\" data-end=\"223\" \/><strong data-start=\"223\" data-end=\"236\">Website:<\/strong> <a class=\"\" href=\"https:\/\/fakt-kos.com\/en\/\" target=\"_new\" rel=\"noopener\" data-start=\"237\" data-end=\"281\">www.fakt-kos.com<\/a><\/p>\n<p class=\"\" data-start=\"283\" data-end=\"514\">Fakt Consulting (\"we,\" \"our,\" or \"us\") is committed to protecting your privacy. This Privacy Policy explains how we collect, use, store, and protect your personal information when you use our website and services.<\/p>\n<hr class=\"\" data-start=\"516\" data-end=\"519\" \/>\n<h3 class=\"\" data-start=\"521\" data-end=\"553\">1. <strong data-start=\"528\" data-end=\"553\">Information We Collect<\/strong><\/h3>\n<p class=\"\" data-start=\"554\" data-end=\"644\">We may collect the following types of personal information when you interact with our website or services:<\/p>\n<ul data-start=\"646\" data-end=\"1010\">\n<li class=\"\" data-start=\"646\" data-end=\"737\">\n<p class=\"\" data-start=\"648\" data-end=\"737\"><strong data-start=\"648\" data-end=\"689\">Personal Identification Information:<\/strong> Name, email address, phone number, billing address.<\/p>\n<\/li>\n<li class=\"\" data-start=\"738\" data-end=\"884\">\n<p class=\"\" data-start=\"740\" data-end=\"884\"><strong data-start=\"740\" data-end=\"764\">Payment Information:<\/strong> We process payments through secure third-party providers. We <strong data-start=\"833\" data-end=\"840\">don't<\/strong> store full credit card details on our servers.<\/p>\n<\/li>\n<li class=\"\" data-start=\"885\" data-end=\"1010\">\n<p class=\"\" data-start=\"887\" data-end=\"1010\"><strong data-start=\"887\" data-end=\"914\">Usage Data:<\/strong> IP address, browser type, pages visited, time spent, and other diagnostic data.<\/p>\n<\/li>\n<\/ul>\n<hr class=\"\" data-start=\"1012\" data-end=\"1015\" \/>\n<h3 class=\"\" data-start=\"1017\" data-end=\"1057\">2. <strong data-start=\"1024\" data-end=\"1057\">How We Use Your Information<\/strong><\/h3>\n<p class=\"\" data-start=\"1058\" data-end=\"1095\">We use the collected data for the following purposes:<\/p>\n<ul data-start=\"1097\" data-end=\"1297\">\n<li class=\"\" data-start=\"1097\" data-end=\"1153\">\n<p class=\"\" data-start=\"1099\" data-end=\"1153\">Processing and delivering your digital orders.<\/p>\n<\/li>\n<li class=\"\" data-start=\"1154\" data-end=\"1209\">\n<p class=\"\" data-start=\"1156\" data-end=\"1209\">To communicate with you regarding your purchase or support request.<\/p>\n<\/li>\n<li class=\"\" data-start=\"1210\" data-end=\"1261\">\n<p class=\"\" data-start=\"1212\" data-end=\"1261\">To improve our website and services.<\/p>\n<\/li>\n<li class=\"\" data-start=\"1262\" data-end=\"1297\">\n<p class=\"\" data-start=\"1264\" data-end=\"1297\">To comply with legal obligations.<\/p>\n<\/li>\n<\/ul>\n<hr class=\"\" data-start=\"1299\" data-end=\"1302\" \/>\n<h3 class=\"\" data-start=\"1304\" data-end=\"1346\">3. <strong data-start=\"1311\" data-end=\"1346\">Data Sharing and Disclosure<\/strong><\/h3>\n<p class=\"\" data-start=\"1347\" data-end=\"1437\">Ne <strong data-start=\"1350\" data-end=\"1366\">We do not sell<\/strong> or rent your personal information to third parties. We may share your information only with:<\/p>\n<ul data-start=\"1439\" data-end=\"1540\">\n<li class=\"\" data-start=\"1439\" data-end=\"1492\">\n<p class=\"\" data-start=\"1441\" data-end=\"1492\">Trusted third-party service providers (e.g., payment processors) who assist us in delivering services.<\/p>\n<\/li>\n<li class=\"\" data-start=\"1493\" data-end=\"1540\">\n<p class=\"\" data-start=\"1495\" data-end=\"1540\">Authorities, if required by law or legal process.<\/p>\n<\/li>\n<\/ul>\n<hr class=\"\" data-start=\"1542\" data-end=\"1545\" \/>\n<h3 class=\"\" data-start=\"1547\" data-end=\"1578\">4. <strong data-start=\"1554\" data-end=\"1578\">Data Security<\/strong><\/h3>\n<p class=\"\" data-start=\"1579\" data-end=\"1774\">We take appropriate technical and organizational measures to protect your personal data from unauthorized access, alteration, or destruction. All transactions are encrypted using <strong data-start=\"1744\" data-end=\"1773\">SSL (Secure Socket Layer)<\/strong>.<\/p>\n<hr class=\"\" data-start=\"1776\" data-end=\"1779\" \/>\n<h3 class=\"\" data-start=\"1781\" data-end=\"1808\">5. <strong data-start=\"1788\" data-end=\"1808\">Your Rights<\/strong><\/h3>\n<p class=\"\" data-start=\"1809\" data-end=\"1830\">You have the right to:<\/p>\n<ul data-start=\"1832\" data-end=\"2022\">\n<li class=\"\" data-start=\"1832\" data-end=\"1880\">\n<p class=\"\" data-start=\"1834\" data-end=\"1880\">Access the personal data we hold about you.<\/p>\n<\/li>\n<li class=\"\" data-start=\"1881\" data-end=\"1924\">\n<p class=\"\" data-start=\"1883\" data-end=\"1924\">Request corrections or deletions of your data.<\/p>\n<\/li>\n<li class=\"\" data-start=\"1925\" data-end=\"1959\">\n<p class=\"\" data-start=\"1927\" data-end=\"1959\">Withdraw your consent at any time (if applicable).<\/p>\n<\/li>\n<li class=\"\" data-start=\"1960\" data-end=\"2022\">\n<p class=\"\" data-start=\"1962\" data-end=\"2022\">Lodge a complaint with a data protection authority.<\/p>\n<\/li>\n<\/ul>\n<p class=\"\" data-start=\"2024\" data-end=\"2095\">To exercise your rights, please contact us at:<br data-start=\"2059\" data-end=\"2062\" \/>\ud83d\udce7 <strong data-start=\"2065\" data-end=\"2095\"><a rel=\"noopener\" data-start=\"2067\" data-end=\"2093\">nazmi.bajrami@fakt-kos.com<\/a><\/strong><\/p>\n<hr class=\"\" data-start=\"2097\" data-end=\"2100\" \/>\n<h3 class=\"\" data-start=\"2102\" data-end=\"2133\">6. <strong data-start=\"2109\" data-end=\"2133\">Cookies and Tracking<\/strong><\/h3>\n<p class=\"\" data-start=\"2134\" data-end=\"2278\">Our website uses cookies to enhance your experience and gather analytics. You can control or disable cookies in your browser settings.<\/p>\n<hr class=\"\" data-start=\"2280\" data-end=\"2283\" \/>\n<h3 class=\"\" data-start=\"2285\" data-end=\"2329\">7. <strong data-start=\"2292\" data-end=\"2329\">Third-Party Links<\/strong><\/h3>\n<p class=\"\" data-start=\"2330\" data-end=\"2443\">Our website may contain links to third-party websites. We are not responsible for their privacy practices. Please review their policies before providing any personal data.<\/p>\n<hr class=\"\" data-start=\"2445\" data-end=\"2448\" \/>\n<h3 class=\"\" data-start=\"2450\" data-end=\"2487\">8. <strong data-start=\"2457\" data-end=\"2487\">Changes to This Privacy Policy<\/strong><\/h3>\n<p class=\"\" data-start=\"2488\" data-end=\"2599\">We reserve the right to update this Privacy Policy at any time. Any changes will be posted on this page with the updated effective date.<\/p>\n<hr class=\"\" data-start=\"2601\" data-end=\"2604\" \/>\n<h3 class=\"\" data-start=\"2606\" data-end=\"2627\"><strong data-start=\"2610\" data-end=\"2627\">Contact Us<\/strong><\/h3>\n<p class=\"\" data-start=\"2628\" data-end=\"2675\">If you have any questions or concerns about this Privacy Policy, you can contact us at:<\/p>\n<p class=\"\" data-start=\"2677\" data-end=\"2821\"><strong data-start=\"2677\" data-end=\"2696\">Fakt Consulting<\/strong><br data-start=\"2696\" data-end=\"2699\" \/>\ud83d\udcde +383 45 727 727 \/ +383 38 712 244<br data-start=\"2735\" data-end=\"2738\" \/>\ud83d\udce7 <strong data-start=\"2741\" data-end=\"2771\"><a rel=\"noopener\" data-start=\"2743\" data-end=\"2769\">nazmi.bajrami@fakt-kos.com<\/a><\/strong><br data-start=\"2771\" data-end=\"2774\" \/>\ud83c\udf10 <a class=\"\" href=\"https:\/\/fakt-kos.com\/en\/\" target=\"_new\" rel=\"noopener\" data-start=\"2777\" data-end=\"2821\">www.fakt-kos.com<\/a><\/p><\/div>\n\t\t\t\t<\/div>\n\t\t\t\t\t<\/div>\n\t\t<\/div>\n\t\t\t\t\t<\/div>\n\t\t<\/section>\t\t<\/div>","protected":false},"excerpt":{"rendered":"<p>Politika e Privat\u00ebsis\u00eb Data e hyrjes n\u00eb fuqi: 4\/11\/2025Fakt ConsultingUebfaqja: www.fakt-kos.com Fakt Consulting (&#8220;ne&#8221;, &#8220;tona&#8221; ose &#8220;kompania&#8221;) \u00ebsht\u00eb e p\u00ebrkushtuar t\u00eb mbroj\u00eb privat\u00ebsin\u00eb tuaj. Kjo politik\u00eb<span class=\"excerpt-hellip\"> [\u2026]<\/span><\/p>","protected":false},"author":1,"featured_media":0,"parent":0,"menu_order":0,"comment_status":"closed","ping_status":"open","template":"","meta":{"footnotes":""},"class_list":["post-3","page","type-page","status-publish","hentry"],"aioseo_notices":[],"_links":{"self":[{"href":"https:\/\/fakt-kos.com\/en\/wp-json\/wp\/v2\/pages\/3","targetHints":{"allow":["GET"]}}],"collection":[{"href":"https:\/\/fakt-kos.com\/en\/wp-json\/wp\/v2\/pages"}],"about":[{"href":"https:\/\/fakt-kos.com\/en\/wp-json\/wp\/v2\/types\/page"}],"author":[{"embeddable":true,"href":"https:\/\/fakt-kos.com\/en\/wp-json\/wp\/v2\/users\/1"}],"replies":[{"embeddable":true,"href":"https:\/\/fakt-kos.com\/en\/wp-json\/wp\/v2\/comments?post=3"}],"version-history":[{"count":8,"href":"https:\/\/fakt-kos.com\/en\/wp-json\/wp\/v2\/pages\/3\/revisions"}],"predecessor-version":[{"id":1132,"href":"https:\/\/fakt-kos.com\/en\/wp-json\/wp\/v2\/pages\/3\/revisions\/1132"}],"wp:attachment":[{"href":"https:\/\/fakt-kos.com\/en\/wp-json\/wp\/v2\/media?parent=3"}],"curies":[{"name":"wp","href":"https:\/\/api.w.org\/{rel}","templated":true}]}}