{"id":748,"date":"2023-05-25T08:55:38","date_gmt":"2023-05-25T08:55:38","guid":{"rendered":"https:\/\/da.ini-developersgrave.xyz\/?page_id=748"},"modified":"2023-06-09T08:12:46","modified_gmt":"2023-06-09T08:12:46","slug":"keshilla-menaxheriale","status":"publish","type":"page","link":"https:\/\/fakt-kos.com\/en\/keshilla-menaxheriale\/","title":{"rendered":"Management Consulting"},"content":{"rendered":"<div data-elementor-type=\"wp-page\" data-elementor-id=\"748\" class=\"elementor elementor-748\">\n\t\t\t\t\t\t<section class=\"elementor-section elementor-top-section elementor-element elementor-element-6d4ef0f elementor-section-full_width elementor-section-stretched elementor-section-height-default elementor-section-height-default\" data-id=\"6d4ef0f\" data-element_type=\"section\" data-settings=\"{&quot;stretch_section&quot;:&quot;section-stretched&quot;}\">\n\t\t\t\t\t\t<div class=\"elementor-container elementor-column-gap-wider\">\n\t\t\t\t\t<div class=\"elementor-column elementor-col-50 elementor-top-column elementor-element elementor-element-fd4efe3\" data-id=\"fd4efe3\" data-element_type=\"column\" data-settings=\"{&quot;background_background&quot;:&quot;classic&quot;}\">\n\t\t\t<div class=\"elementor-widget-wrap elementor-element-populated\">\n\t\t\t\t\t\t<section class=\"elementor-section elementor-inner-section elementor-element elementor-element-5d72cbd elementor-section-boxed elementor-section-height-default elementor-section-height-default\" data-id=\"5d72cbd\" data-element_type=\"section\">\n\t\t\t\t\t\t<div class=\"elementor-container elementor-column-gap-default\">\n\t\t\t\t\t<div class=\"elementor-column elementor-col-25 elementor-inner-column elementor-element elementor-element-43ce93e\" data-id=\"43ce93e\" data-element_type=\"column\">\n\t\t\t<div class=\"elementor-widget-wrap\">\n\t\t\t\t\t\t\t<\/div>\n\t\t<\/div>\n\t\t\t\t<div class=\"elementor-column elementor-col-50 elementor-inner-column elementor-element elementor-element-9aa6470\" data-id=\"9aa6470\" data-element_type=\"column\">\n\t\t\t<div class=\"elementor-widget-wrap elementor-element-populated\">\n\t\t\t\t\t\t<div class=\"elementor-element elementor-element-5f39a89 elementor-widget elementor-widget-heading\" data-id=\"5f39a89\" data-element_type=\"widget\" data-widget_type=\"heading.default\">\n\t\t\t\t<div class=\"elementor-widget-container\">\n\t\t\t\t\t<h5 class=\"elementor-heading-title elementor-size-default\">Services<\/h5>\t\t\t\t<\/div>\n\t\t\t\t<\/div>\n\t\t\t\t<div class=\"elementor-element elementor-element-94d3439 elementor-widget elementor-widget-heading\" data-id=\"94d3439\" data-element_type=\"widget\" data-widget_type=\"heading.default\">\n\t\t\t\t<div class=\"elementor-widget-container\">\n\t\t\t\t\t<h2 class=\"elementor-heading-title elementor-size-default\"><span style=\"color: #FFF\">Management Consulting<\/span><\/h2>\t\t\t\t<\/div>\n\t\t\t\t<\/div>\n\t\t\t\t\t<\/div>\n\t\t<\/div>\n\t\t\t\t<div class=\"elementor-column elementor-col-25 elementor-inner-column elementor-element elementor-element-4feccf2\" data-id=\"4feccf2\" data-element_type=\"column\">\n\t\t\t<div class=\"elementor-widget-wrap\">\n\t\t\t\t\t\t\t<\/div>\n\t\t<\/div>\n\t\t\t\t\t<\/div>\n\t\t<\/section>\n\t\t\t\t\t<\/div>\n\t\t<\/div>\n\t\t\t\t<div class=\"elementor-column elementor-col-50 elementor-top-column elementor-element elementor-element-3cd16b5\" data-id=\"3cd16b5\" data-element_type=\"column\" data-settings=\"{&quot;background_background&quot;:&quot;classic&quot;}\">\n\t\t\t<div class=\"elementor-widget-wrap elementor-element-populated\">\n\t\t\t\t\t\t<div class=\"elementor-element elementor-element-77ea993 elementor-widget elementor-widget-spacer\" data-id=\"77ea993\" data-element_type=\"widget\" data-widget_type=\"spacer.default\">\n\t\t\t\t<div class=\"elementor-widget-container\">\n\t\t\t\t\t\t\t<div class=\"elementor-spacer\">\n\t\t\t<div class=\"elementor-spacer-inner\"><\/div>\n\t\t<\/div>\n\t\t\t\t\t\t<\/div>\n\t\t\t\t<\/div>\n\t\t\t\t\t<\/div>\n\t\t<\/div>\n\t\t\t\t\t<\/div>\n\t\t<\/section>\n\t\t\t\t<section class=\"elementor-section elementor-top-section elementor-element elementor-element-407db02 elementor-section-stretched elementor-section-boxed elementor-section-height-default elementor-section-height-default\" data-id=\"407db02\" data-element_type=\"section\" id=\"solutions\" data-settings=\"{&quot;stretch_section&quot;:&quot;section-stretched&quot;,&quot;background_background&quot;:&quot;classic&quot;}\">\n\t\t\t\t\t\t<div class=\"elementor-container elementor-column-gap-wider\">\n\t\t\t\t\t<div class=\"elementor-column elementor-col-100 elementor-top-column elementor-element elementor-element-2c0002c\" data-id=\"2c0002c\" data-element_type=\"column\">\n\t\t\t<div class=\"elementor-widget-wrap elementor-element-populated\">\n\t\t\t\t\t\t<section class=\"elementor-section elementor-inner-section elementor-element elementor-element-0a07a4a elementor-section-boxed elementor-section-height-default elementor-section-height-default\" data-id=\"0a07a4a\" data-element_type=\"section\">\n\t\t\t\t\t\t<div class=\"elementor-container elementor-column-gap-default\">\n\t\t\t\t\t<div class=\"elementor-column elementor-col-50 elementor-inner-column elementor-element elementor-element-30bad67\" data-id=\"30bad67\" data-element_type=\"column\">\n\t\t\t<div class=\"elementor-widget-wrap elementor-element-populated\">\n\t\t\t\t\t\t<div class=\"elementor-element elementor-element-a60a078 elementor-widget elementor-widget-image\" data-id=\"a60a078\" data-element_type=\"widget\" data-widget_type=\"image.default\">\n\t\t\t\t<div class=\"elementor-widget-container\">\n\t\t\t\t\t\t\t\t\t\t\t\t\t\t\t<img fetchpriority=\"high\" decoding=\"async\" width=\"687\" height=\"714\" src=\"https:\/\/fakt-kos.com\/wp-content\/uploads\/2023\/05\/management-coaching-business-dealing-mentor-concept.jpg\" class=\"attachment-full size-full wp-image-750\" alt=\"\" srcset=\"https:\/\/fakt-kos.com\/wp-content\/uploads\/2023\/05\/management-coaching-business-dealing-mentor-concept.jpg 687w, https:\/\/fakt-kos.com\/wp-content\/uploads\/2023\/05\/management-coaching-business-dealing-mentor-concept-289x300.jpg 289w, https:\/\/fakt-kos.com\/wp-content\/uploads\/2023\/05\/management-coaching-business-dealing-mentor-concept-140x146.jpg 140w, https:\/\/fakt-kos.com\/wp-content\/uploads\/2023\/05\/management-coaching-business-dealing-mentor-concept-48x50.jpg 48w, https:\/\/fakt-kos.com\/wp-content\/uploads\/2023\/05\/management-coaching-business-dealing-mentor-concept-72x75.jpg 72w\" sizes=\"(max-width: 687px) 100vw, 687px\" \/>\t\t\t\t\t\t\t\t\t\t\t\t\t\t\t<\/div>\n\t\t\t\t<\/div>\n\t\t\t\t\t<\/div>\n\t\t<\/div>\n\t\t\t\t<div class=\"elementor-column elementor-col-50 elementor-inner-column elementor-element elementor-element-1f2df44\" data-id=\"1f2df44\" data-element_type=\"column\" data-settings=\"{&quot;background_background&quot;:&quot;classic&quot;}\">\n\t\t\t<div class=\"elementor-widget-wrap elementor-element-populated\">\n\t\t\t\t\t\t<div class=\"elementor-element elementor-element-1ba6d9b elementor-widget__width-initial elementor-widget elementor-widget-heading\" data-id=\"1ba6d9b\" data-element_type=\"widget\" data-widget_type=\"heading.default\">\n\t\t\t\t<div class=\"elementor-widget-container\">\n\t\t\t\t\t<h4 class=\"elementor-heading-title elementor-size-default\">Management Consulting<\/h4>\t\t\t\t<\/div>\n\t\t\t\t<\/div>\n\t\t\t\t<div class=\"elementor-element elementor-element-ebb1db9 elementor-widget__width-initial elementor-widget elementor-widget-image\" data-id=\"ebb1db9\" data-element_type=\"widget\" data-widget_type=\"image.default\">\n\t\t\t\t<div class=\"elementor-widget-container\">\n\t\t\t\t\t\t\t\t\t\t\t\t\t\t\t<img decoding=\"async\" width=\"304\" height=\"304\" src=\"https:\/\/fakt-kos.com\/wp-content\/uploads\/2023\/05\/accountant4-services-icon4.png\" class=\"attachment-large size-large wp-image-720\" alt=\"\" srcset=\"https:\/\/fakt-kos.com\/wp-content\/uploads\/2023\/05\/accountant4-services-icon4.png 304w, https:\/\/fakt-kos.com\/wp-content\/uploads\/2023\/05\/accountant4-services-icon4-300x300.png 300w, https:\/\/fakt-kos.com\/wp-content\/uploads\/2023\/05\/accountant4-services-icon4-150x150.png 150w, https:\/\/fakt-kos.com\/wp-content\/uploads\/2023\/05\/accountant4-services-icon4-146x146.png 146w, https:\/\/fakt-kos.com\/wp-content\/uploads\/2023\/05\/accountant4-services-icon4-50x50.png 50w, https:\/\/fakt-kos.com\/wp-content\/uploads\/2023\/05\/accountant4-services-icon4-75x75.png 75w, https:\/\/fakt-kos.com\/wp-content\/uploads\/2023\/05\/accountant4-services-icon4-85x85.png 85w, https:\/\/fakt-kos.com\/wp-content\/uploads\/2023\/05\/accountant4-services-icon4-80x80.png 80w\" sizes=\"(max-width: 304px) 100vw, 304px\" \/>\t\t\t\t\t\t\t\t\t\t\t\t\t\t\t<\/div>\n\t\t\t\t<\/div>\n\t\t\t\t<div class=\"elementor-element elementor-element-8ff6439 elementor-widget__width-initial elementor-widget elementor-widget-text-editor\" data-id=\"8ff6439\" data-element_type=\"widget\" data-widget_type=\"text-editor.default\">\n\t\t\t\t<div class=\"elementor-widget-container\">\n\t\t\t\t\t\t\t\t\t<div class=\"vc_row wpb_row vc_row-fluid vc_custom_1594250064162\" data-vc-full-width=\"true\" data-vc-full-width-init=\"true\">\n<div class=\"wpb_column vc_column_container vc_col-sm-6\">\n<div class=\"vc_column-inner vc_custom_1473920715852\">\n<div class=\"wpb_wrapper\">\n<div class=\"wpb_text_column wpb_content_element vc_custom_1590772228261\">\n<div class=\"wpb_wrapper\">\n<p>By providing professional consulting services for management of businesses and other interested parties, \u201cFAKT Consulting\u201d helps you achieve the goals in development of your business;<\/p>\n<p>Business management consultations are essential from initiation stage of its establishment, and till its maturity. By applying the best practices and strategic plans, we aim to advance your business ideas;<\/p>\n<p>Prior consulting and consulting during the business development journey is essential for business development;<\/p>\n<p>\u201cFAKT Consulting\u201d has a very good potential to provide consulting services by applying the best management methods and models, through the use of platforms and strategic plans, from start-up funding sources of business to its appropriate management;<\/p>\n<\/div>\n<\/div>\n<\/div>\n<\/div>\n<\/div>\n<\/div>\t\t\t\t\t\t\t\t<\/div>\n\t\t\t\t<\/div>\n\t\t\t\t\t<\/div>\n\t\t<\/div>\n\t\t\t\t\t<\/div>\n\t\t<\/section>\n\t\t\t\t<section class=\"elementor-section elementor-inner-section elementor-element elementor-element-2f1c2a3 elementor-section-boxed elementor-section-height-default elementor-section-height-default\" data-id=\"2f1c2a3\" data-element_type=\"section\">\n\t\t\t\t\t\t<div class=\"elementor-container elementor-column-gap-default\">\n\t\t\t\t\t<div class=\"elementor-column elementor-col-50 elementor-inner-column elementor-element elementor-element-1ef9074\" data-id=\"1ef9074\" data-element_type=\"column\" data-settings=\"{&quot;background_background&quot;:&quot;classic&quot;}\">\n\t\t\t<div class=\"elementor-widget-wrap elementor-element-populated\">\n\t\t\t\t\t\t<div class=\"elementor-element elementor-element-a1a11b2 elementor-widget__width-initial elementor-widget elementor-widget-heading\" data-id=\"a1a11b2\" data-element_type=\"widget\" data-widget_type=\"heading.default\">\n\t\t\t\t<div class=\"elementor-widget-container\">\n\t\t\t\t\t<h4 class=\"elementor-heading-title elementor-size-default\">Management Consulting<\/h4>\t\t\t\t<\/div>\n\t\t\t\t<\/div>\n\t\t\t\t<div class=\"elementor-element elementor-element-0fa9836 elementor-widget__width-initial elementor-widget elementor-widget-image\" data-id=\"0fa9836\" data-element_type=\"widget\" data-widget_type=\"image.default\">\n\t\t\t\t<div class=\"elementor-widget-container\">\n\t\t\t\t\t\t\t\t\t\t\t\t\t\t\t<img decoding=\"async\" width=\"304\" height=\"304\" src=\"https:\/\/fakt-kos.com\/wp-content\/uploads\/2023\/05\/accountant4-services-icon4.png\" class=\"attachment-large size-large wp-image-720\" alt=\"\" srcset=\"https:\/\/fakt-kos.com\/wp-content\/uploads\/2023\/05\/accountant4-services-icon4.png 304w, https:\/\/fakt-kos.com\/wp-content\/uploads\/2023\/05\/accountant4-services-icon4-300x300.png 300w, https:\/\/fakt-kos.com\/wp-content\/uploads\/2023\/05\/accountant4-services-icon4-150x150.png 150w, https:\/\/fakt-kos.com\/wp-content\/uploads\/2023\/05\/accountant4-services-icon4-146x146.png 146w, https:\/\/fakt-kos.com\/wp-content\/uploads\/2023\/05\/accountant4-services-icon4-50x50.png 50w, https:\/\/fakt-kos.com\/wp-content\/uploads\/2023\/05\/accountant4-services-icon4-75x75.png 75w, https:\/\/fakt-kos.com\/wp-content\/uploads\/2023\/05\/accountant4-services-icon4-85x85.png 85w, https:\/\/fakt-kos.com\/wp-content\/uploads\/2023\/05\/accountant4-services-icon4-80x80.png 80w\" sizes=\"(max-width: 304px) 100vw, 304px\" \/>\t\t\t\t\t\t\t\t\t\t\t\t\t\t\t<\/div>\n\t\t\t\t<\/div>\n\t\t\t\t<div class=\"elementor-element elementor-element-7e3e9ba elementor-widget__width-initial elementor-widget elementor-widget-text-editor\" data-id=\"7e3e9ba\" data-element_type=\"widget\" data-widget_type=\"text-editor.default\">\n\t\t\t\t<div class=\"elementor-widget-container\">\n\t\t\t\t\t\t\t\t\t<div class=\"vc_row wpb_row vc_row-fluid vc_custom_1594250064162\" data-vc-full-width=\"true\" data-vc-full-width-init=\"true\"><div class=\"wpb_column vc_column_container vc_col-sm-6\"><div class=\"vc_column-inner vc_custom_1473920715852\"><div class=\"wpb_wrapper\"><div class=\"wpb_text_column wpb_content_element vc_custom_1590772228261\"><div class=\"wpb_wrapper\"><p>We consult and represent businesses during the application procedures for loans and guarantees, prepare necessary documentation for banks (financial and microfinance institutions) and support businesses up to the final approval procedure for bank loans.<\/p><p>\u201cFAKT Consulting\u201d also consults businesses and other interested parties in other areas, like promotion and implementation of various policies and procedures under applicable law;<\/p><\/div><\/div><\/div><\/div><\/div><\/div>\t\t\t\t\t\t\t\t<\/div>\n\t\t\t\t<\/div>\n\t\t\t\t\t<\/div>\n\t\t<\/div>\n\t\t\t\t<div class=\"elementor-column elementor-col-50 elementor-inner-column elementor-element elementor-element-91df467\" data-id=\"91df467\" data-element_type=\"column\">\n\t\t\t<div class=\"elementor-widget-wrap elementor-element-populated\">\n\t\t\t\t\t\t<div class=\"elementor-element elementor-element-29f1f12 elementor-widget__width-initial elementor-widget elementor-widget-image\" data-id=\"29f1f12\" data-element_type=\"widget\" data-widget_type=\"image.default\">\n\t\t\t\t<div class=\"elementor-widget-container\">\n\t\t\t\t\t\t\t\t\t\t\t\t\t\t\t<img decoding=\"async\" width=\"520\" height=\"563\" src=\"https:\/\/fakt-kos.com\/wp-content\/uploads\/2023\/05\/side-view-business-man-calculating-finance-numbers-1.jpg\" class=\"attachment-full size-full wp-image-741\" alt=\"\" srcset=\"https:\/\/fakt-kos.com\/wp-content\/uploads\/2023\/05\/side-view-business-man-calculating-finance-numbers-1.jpg 520w, https:\/\/fakt-kos.com\/wp-content\/uploads\/2023\/05\/side-view-business-man-calculating-finance-numbers-1-277x300.jpg 277w, https:\/\/fakt-kos.com\/wp-content\/uploads\/2023\/05\/side-view-business-man-calculating-finance-numbers-1-135x146.jpg 135w, https:\/\/fakt-kos.com\/wp-content\/uploads\/2023\/05\/side-view-business-man-calculating-finance-numbers-1-46x50.jpg 46w, https:\/\/fakt-kos.com\/wp-content\/uploads\/2023\/05\/side-view-business-man-calculating-finance-numbers-1-69x75.jpg 69w\" sizes=\"(max-width: 520px) 100vw, 520px\" \/>\t\t\t\t\t\t\t\t\t\t\t\t\t\t\t<\/div>\n\t\t\t\t<\/div>\n\t\t\t\t\t<\/div>\n\t\t<\/div>\n\t\t\t\t\t<\/div>\n\t\t<\/section>\n\t\t\t\t\t<\/div>\n\t\t<\/div>\n\t\t\t\t\t<\/div>\n\t\t<\/section>\n\t\t\t\t<section class=\"elementor-section elementor-top-section elementor-element elementor-element-58e9541b elementor-section-stretched elementor-section-boxed elementor-section-height-default elementor-section-height-default\" data-id=\"58e9541b\" data-element_type=\"section\" data-settings=\"{&quot;stretch_section&quot;:&quot;section-stretched&quot;,&quot;background_background&quot;:&quot;classic&quot;}\">\n\t\t\t\t\t\t<div class=\"elementor-container elementor-column-gap-wider\">\n\t\t\t\t\t<div class=\"elementor-column elementor-col-100 elementor-top-column elementor-element elementor-element-2f719de4\" data-id=\"2f719de4\" data-element_type=\"column\">\n\t\t\t<div class=\"elementor-widget-wrap elementor-element-populated\">\n\t\t\t\t\t\t<section class=\"elementor-section elementor-inner-section elementor-element elementor-element-55ee1c51 elementor-section-boxed elementor-section-height-default elementor-section-height-default\" data-id=\"55ee1c51\" data-element_type=\"section\">\n\t\t\t\t\t\t<div class=\"elementor-container elementor-column-gap-default\">\n\t\t\t\t\t<div class=\"elementor-column elementor-col-100 elementor-inner-column elementor-element elementor-element-6167e1a1\" data-id=\"6167e1a1\" data-element_type=\"column\">\n\t\t\t<div class=\"elementor-widget-wrap elementor-element-populated\">\n\t\t\t\t\t\t<div class=\"elementor-element elementor-element-24ebd5e6 elementor-widget elementor-widget-heading\" data-id=\"24ebd5e6\" data-element_type=\"widget\" data-widget_type=\"heading.default\">\n\t\t\t\t<div class=\"elementor-widget-container\">\n\t\t\t\t\t<h2 class=\"elementor-heading-title elementor-size-default\">Contact us for our services<\/h2>\t\t\t\t<\/div>\n\t\t\t\t<\/div>\n\t\t\t\t<div class=\"elementor-element elementor-element-39502a97 elementor-widget elementor-widget-heading\" data-id=\"39502a97\" data-element_type=\"widget\" data-widget_type=\"heading.default\">\n\t\t\t\t<div class=\"elementor-widget-container\">\n\t\t\t\t\t<h4 class=\"elementor-heading-title elementor-size-default\"><a href=\"tel:+383%2045%20727%20727\">Call us at <span style=\"color: #44900d\">+383 45 727 727<\/span><\/a><\/h4>\t\t\t\t<\/div>\n\t\t\t\t<\/div>\n\t\t\t\t<div class=\"elementor-element elementor-element-18fc8064 elementor-align-center elementor-widget elementor-widget-button\" data-id=\"18fc8064\" data-element_type=\"widget\" data-widget_type=\"button.default\">\n\t\t\t\t<div class=\"elementor-widget-container\">\n\t\t\t\t\t\t\t\t\t<div class=\"elementor-button-wrapper\">\n\t\t\t\t\t<a class=\"elementor-button elementor-button-link elementor-size-sm\" href=\"\/en\/kontakti\/\">\n\t\t\t\t\t\t<span class=\"elementor-button-content-wrapper\">\n\t\t\t\t\t\t<span class=\"elementor-button-icon\">\n\t\t\t\t<i aria-hidden=\"true\" class=\"fas fa-arrow-right\"><\/i>\t\t\t<\/span>\n\t\t\t\t\t\t\t\t\t<span class=\"elementor-button-text\">free consultation<\/span>\n\t\t\t\t\t<\/span>\n\t\t\t\t\t<\/a>\n\t\t\t\t<\/div>\n\t\t\t\t\t\t\t\t<\/div>\n\t\t\t\t<\/div>\n\t\t\t\t\t<\/div>\n\t\t<\/div>\n\t\t\t\t\t<\/div>\n\t\t<\/section>\n\t\t\t\t\t<\/div>\n\t\t<\/div>\n\t\t\t\t\t<\/div>\n\t\t<\/section>\n\t\t\t\t<\/div>","protected":false},"excerpt":{"rendered":"<p>Sh\u00ebrbimet K\u00ebshilla Menaxheriale K\u00ebshilla Menaxheriale \u201cFAKT Consulting\u201d duke ofruar sh\u00ebrbimet e konsulenc\u00ebs profesionale p\u00ebr menaxhmentin e biznes\u00ebsve dhe pal\u00ebve t\u00eb tjera t\u00eb interesuara, u ndihmon q\u00eb<span class=\"excerpt-hellip\"> [\u2026]<\/span><\/p>","protected":false},"author":1,"featured_media":0,"parent":0,"menu_order":0,"comment_status":"closed","ping_status":"closed","template":"","meta":{"footnotes":""},"class_list":["post-748","page","type-page","status-publish","hentry"],"aioseo_notices":[],"_links":{"self":[{"href":"https:\/\/fakt-kos.com\/en\/wp-json\/wp\/v2\/pages\/748","targetHints":{"allow":["GET"]}}],"collection":[{"href":"https:\/\/fakt-kos.com\/en\/wp-json\/wp\/v2\/pages"}],"about":[{"href":"https:\/\/fakt-kos.com\/en\/wp-json\/wp\/v2\/types\/page"}],"author":[{"embeddable":true,"href":"https:\/\/fakt-kos.com\/en\/wp-json\/wp\/v2\/users\/1"}],"replies":[{"embeddable":true,"href":"https:\/\/fakt-kos.com\/en\/wp-json\/wp\/v2\/comments?post=748"}],"version-history":[{"count":7,"href":"https:\/\/fakt-kos.com\/en\/wp-json\/wp\/v2\/pages\/748\/revisions"}],"predecessor-version":[{"id":881,"href":"https:\/\/fakt-kos.com\/en\/wp-json\/wp\/v2\/pages\/748\/revisions\/881"}],"wp:attachment":[{"href":"https:\/\/fakt-kos.com\/en\/wp-json\/wp\/v2\/media?parent=748"}],"curies":[{"name":"wp","href":"https:\/\/api.w.org\/{rel}","templated":true}]}}