{"id":768,"date":"2023-05-25T09:06:38","date_gmt":"2023-05-25T09:06:38","guid":{"rendered":"https:\/\/da.ini-developersgrave.xyz\/?page_id=768"},"modified":"2025-02-27T14:51:50","modified_gmt":"2025-02-27T14:51:50","slug":"biznes-planet","status":"publish","type":"page","link":"https:\/\/fakt-kos.com\/en\/biznes-planet\/","title":{"rendered":"Business Plans"},"content":{"rendered":"<div data-elementor-type=\"wp-page\" data-elementor-id=\"768\" class=\"elementor elementor-768\">\n\t\t\t\t\t\t<section class=\"elementor-section elementor-top-section elementor-element elementor-element-6d4ef0f elementor-section-full_width elementor-section-stretched elementor-section-height-default elementor-section-height-default\" data-id=\"6d4ef0f\" data-element_type=\"section\" data-settings=\"{&quot;stretch_section&quot;:&quot;section-stretched&quot;}\">\n\t\t\t\t\t\t<div class=\"elementor-container elementor-column-gap-wider\">\n\t\t\t\t\t<div class=\"elementor-column elementor-col-50 elementor-top-column elementor-element elementor-element-fd4efe3\" data-id=\"fd4efe3\" data-element_type=\"column\" data-settings=\"{&quot;background_background&quot;:&quot;classic&quot;}\">\n\t\t\t<div class=\"elementor-widget-wrap elementor-element-populated\">\n\t\t\t\t\t\t<section class=\"elementor-section elementor-inner-section elementor-element elementor-element-5d72cbd elementor-section-boxed elementor-section-height-default elementor-section-height-default\" data-id=\"5d72cbd\" data-element_type=\"section\">\n\t\t\t\t\t\t<div class=\"elementor-container elementor-column-gap-default\">\n\t\t\t\t\t<div class=\"elementor-column elementor-col-25 elementor-inner-column elementor-element elementor-element-43ce93e\" data-id=\"43ce93e\" data-element_type=\"column\">\n\t\t\t<div class=\"elementor-widget-wrap\">\n\t\t\t\t\t\t\t<\/div>\n\t\t<\/div>\n\t\t\t\t<div class=\"elementor-column elementor-col-50 elementor-inner-column elementor-element elementor-element-9aa6470\" data-id=\"9aa6470\" data-element_type=\"column\">\n\t\t\t<div class=\"elementor-widget-wrap elementor-element-populated\">\n\t\t\t\t\t\t<div class=\"elementor-element elementor-element-5f39a89 elementor-widget elementor-widget-heading\" data-id=\"5f39a89\" data-element_type=\"widget\" data-widget_type=\"heading.default\">\n\t\t\t\t<div class=\"elementor-widget-container\">\n\t\t\t\t\t<h5 class=\"elementor-heading-title elementor-size-default\">Services<\/h5>\t\t\t\t<\/div>\n\t\t\t\t<\/div>\n\t\t\t\t<div class=\"elementor-element elementor-element-94d3439 elementor-widget elementor-widget-heading\" data-id=\"94d3439\" data-element_type=\"widget\" data-widget_type=\"heading.default\">\n\t\t\t\t<div class=\"elementor-widget-container\">\n\t\t\t\t\t<h2 class=\"elementor-heading-title elementor-size-default\"><span style=\"color: #FFF\">Business Plans\n<\/span><\/h2>\t\t\t\t<\/div>\n\t\t\t\t<\/div>\n\t\t\t\t\t<\/div>\n\t\t<\/div>\n\t\t\t\t<div class=\"elementor-column elementor-col-25 elementor-inner-column elementor-element elementor-element-4feccf2\" data-id=\"4feccf2\" data-element_type=\"column\">\n\t\t\t<div class=\"elementor-widget-wrap\">\n\t\t\t\t\t\t\t<\/div>\n\t\t<\/div>\n\t\t\t\t\t<\/div>\n\t\t<\/section>\n\t\t\t\t\t<\/div>\n\t\t<\/div>\n\t\t\t\t<div class=\"elementor-column elementor-col-50 elementor-top-column elementor-element elementor-element-3cd16b5\" data-id=\"3cd16b5\" data-element_type=\"column\" data-settings=\"{&quot;background_background&quot;:&quot;classic&quot;}\">\n\t\t\t<div class=\"elementor-widget-wrap elementor-element-populated\">\n\t\t\t\t\t\t<div class=\"elementor-element elementor-element-77ea993 elementor-widget elementor-widget-spacer\" data-id=\"77ea993\" data-element_type=\"widget\" data-widget_type=\"spacer.default\">\n\t\t\t\t<div class=\"elementor-widget-container\">\n\t\t\t\t\t\t\t<div class=\"elementor-spacer\">\n\t\t\t<div class=\"elementor-spacer-inner\"><\/div>\n\t\t<\/div>\n\t\t\t\t\t\t<\/div>\n\t\t\t\t<\/div>\n\t\t\t\t\t<\/div>\n\t\t<\/div>\n\t\t\t\t\t<\/div>\n\t\t<\/section>\n\t\t\t\t<section class=\"elementor-section elementor-top-section elementor-element elementor-element-407db02 elementor-section-stretched elementor-section-boxed elementor-section-height-default elementor-section-height-default\" data-id=\"407db02\" data-element_type=\"section\" id=\"solutions\" data-settings=\"{&quot;stretch_section&quot;:&quot;section-stretched&quot;,&quot;background_background&quot;:&quot;classic&quot;}\">\n\t\t\t\t\t\t<div class=\"elementor-container elementor-column-gap-wider\">\n\t\t\t\t\t<div class=\"elementor-column elementor-col-100 elementor-top-column elementor-element elementor-element-2c0002c\" data-id=\"2c0002c\" data-element_type=\"column\">\n\t\t\t<div class=\"elementor-widget-wrap elementor-element-populated\">\n\t\t\t\t\t\t<section class=\"elementor-section elementor-inner-section elementor-element elementor-element-0a07a4a elementor-section-boxed elementor-section-height-default elementor-section-height-default\" data-id=\"0a07a4a\" data-element_type=\"section\">\n\t\t\t\t\t\t<div class=\"elementor-container elementor-column-gap-default\">\n\t\t\t\t\t<div class=\"elementor-column elementor-col-50 elementor-inner-column elementor-element elementor-element-30bad67\" data-id=\"30bad67\" data-element_type=\"column\">\n\t\t\t<div class=\"elementor-widget-wrap elementor-element-populated\">\n\t\t\t\t\t\t<div class=\"elementor-element elementor-element-a60a078 elementor-widget elementor-widget-image\" data-id=\"a60a078\" data-element_type=\"widget\" data-widget_type=\"image.default\">\n\t\t\t\t<div class=\"elementor-widget-container\">\n\t\t\t\t\t\t\t\t\t\t\t\t\t\t\t<img fetchpriority=\"high\" decoding=\"async\" width=\"667\" height=\"1000\" src=\"https:\/\/fakt-kos.com\/wp-content\/uploads\/2023\/05\/cropped-people-formalwear-discussing-business-plan.jpg\" class=\"attachment-full size-full wp-image-770\" alt=\"\" srcset=\"https:\/\/fakt-kos.com\/wp-content\/uploads\/2023\/05\/cropped-people-formalwear-discussing-business-plan.jpg 667w, https:\/\/fakt-kos.com\/wp-content\/uploads\/2023\/05\/cropped-people-formalwear-discussing-business-plan-200x300.jpg 200w, https:\/\/fakt-kos.com\/wp-content\/uploads\/2023\/05\/cropped-people-formalwear-discussing-business-plan-97x146.jpg 97w, https:\/\/fakt-kos.com\/wp-content\/uploads\/2023\/05\/cropped-people-formalwear-discussing-business-plan-33x50.jpg 33w, https:\/\/fakt-kos.com\/wp-content\/uploads\/2023\/05\/cropped-people-formalwear-discussing-business-plan-50x75.jpg 50w\" sizes=\"(max-width: 667px) 100vw, 667px\" \/>\t\t\t\t\t\t\t\t\t\t\t\t\t\t\t<\/div>\n\t\t\t\t<\/div>\n\t\t\t\t\t<\/div>\n\t\t<\/div>\n\t\t\t\t<div class=\"elementor-column elementor-col-50 elementor-inner-column elementor-element elementor-element-1f2df44\" data-id=\"1f2df44\" data-element_type=\"column\" data-settings=\"{&quot;background_background&quot;:&quot;classic&quot;}\">\n\t\t\t<div class=\"elementor-widget-wrap elementor-element-populated\">\n\t\t\t\t\t\t<div class=\"elementor-element elementor-element-1ba6d9b elementor-widget__width-initial elementor-widget elementor-widget-heading\" data-id=\"1ba6d9b\" data-element_type=\"widget\" data-widget_type=\"heading.default\">\n\t\t\t\t<div class=\"elementor-widget-container\">\n\t\t\t\t\t<h4 class=\"elementor-heading-title elementor-size-default\">Business Plans<\/h4>\t\t\t\t<\/div>\n\t\t\t\t<\/div>\n\t\t\t\t<div class=\"elementor-element elementor-element-ebb1db9 elementor-widget__width-initial elementor-widget elementor-widget-image\" data-id=\"ebb1db9\" data-element_type=\"widget\" data-widget_type=\"image.default\">\n\t\t\t\t<div class=\"elementor-widget-container\">\n\t\t\t\t\t\t\t\t\t\t\t\t\t\t\t<img decoding=\"async\" width=\"304\" height=\"304\" src=\"https:\/\/fakt-kos.com\/wp-content\/uploads\/2023\/05\/accountant4-services-icon4.png\" class=\"attachment-large size-large wp-image-720\" alt=\"\" srcset=\"https:\/\/fakt-kos.com\/wp-content\/uploads\/2023\/05\/accountant4-services-icon4.png 304w, https:\/\/fakt-kos.com\/wp-content\/uploads\/2023\/05\/accountant4-services-icon4-300x300.png 300w, https:\/\/fakt-kos.com\/wp-content\/uploads\/2023\/05\/accountant4-services-icon4-150x150.png 150w, https:\/\/fakt-kos.com\/wp-content\/uploads\/2023\/05\/accountant4-services-icon4-146x146.png 146w, https:\/\/fakt-kos.com\/wp-content\/uploads\/2023\/05\/accountant4-services-icon4-50x50.png 50w, https:\/\/fakt-kos.com\/wp-content\/uploads\/2023\/05\/accountant4-services-icon4-75x75.png 75w, https:\/\/fakt-kos.com\/wp-content\/uploads\/2023\/05\/accountant4-services-icon4-85x85.png 85w, https:\/\/fakt-kos.com\/wp-content\/uploads\/2023\/05\/accountant4-services-icon4-80x80.png 80w\" sizes=\"(max-width: 304px) 100vw, 304px\" \/>\t\t\t\t\t\t\t\t\t\t\t\t\t\t\t<\/div>\n\t\t\t\t<\/div>\n\t\t\t\t<div class=\"elementor-element elementor-element-8ff6439 elementor-widget__width-inherit elementor-widget elementor-widget-text-editor\" data-id=\"8ff6439\" data-element_type=\"widget\" data-widget_type=\"text-editor.default\">\n\t\t\t\t<div class=\"elementor-widget-container\">\n\t\t\t\t\t\t\t\t\t<p>\u201cFAKT Consulting\u201d prepares \u201cBusiness Plans\u201d for various strategies to achieve your goals in certain projects, and in various economic fields.<\/p><p>Furthermore, drawing from its experiences, it provides you the design of an innovative \u201cBusiness Plan\u201d for starting a new business (Start Up), sustainable and with a long-term perspective for the future.<\/p><p>Developing a \u201cBusiness Plan\u201d for new and existing business organizations cannot be achieved without considering some factors in the strategic management of a continuous process, for;<\/p><ol><li>assessing the background and current situation, by assessing which are current goods or services, and how is their current performance;<\/li><li>assessing future opportunities, analysing which goods or services can be produced, how they will be sold, how they will be monitored, and how the market process and marketing will be developed for them;<\/li><li>potential resources and use of appropriate methods and models, and their application to achieve desired results in the future.<\/li><\/ol>\t\t\t\t\t\t\t\t<\/div>\n\t\t\t\t<\/div>\n\t\t\t\t\t<\/div>\n\t\t<\/div>\n\t\t\t\t\t<\/div>\n\t\t<\/section>\n\t\t\t\t\t<\/div>\n\t\t<\/div>\n\t\t\t\t\t<\/div>\n\t\t<\/section>\n\t\t\t\t<section class=\"elementor-section elementor-top-section elementor-element elementor-element-58e9541b elementor-section-stretched elementor-section-boxed elementor-section-height-default elementor-section-height-default\" data-id=\"58e9541b\" data-element_type=\"section\" data-settings=\"{&quot;stretch_section&quot;:&quot;section-stretched&quot;,&quot;background_background&quot;:&quot;classic&quot;}\">\n\t\t\t\t\t\t<div class=\"elementor-container elementor-column-gap-wider\">\n\t\t\t\t\t<div class=\"elementor-column elementor-col-100 elementor-top-column elementor-element elementor-element-2f719de4\" data-id=\"2f719de4\" data-element_type=\"column\">\n\t\t\t<div class=\"elementor-widget-wrap elementor-element-populated\">\n\t\t\t\t\t\t<section class=\"elementor-section elementor-inner-section elementor-element elementor-element-55ee1c51 elementor-section-boxed elementor-section-height-default elementor-section-height-default\" data-id=\"55ee1c51\" data-element_type=\"section\">\n\t\t\t\t\t\t<div class=\"elementor-container elementor-column-gap-default\">\n\t\t\t\t\t<div class=\"elementor-column elementor-col-100 elementor-inner-column elementor-element elementor-element-6167e1a1\" data-id=\"6167e1a1\" data-element_type=\"column\">\n\t\t\t<div class=\"elementor-widget-wrap elementor-element-populated\">\n\t\t\t\t\t\t<div class=\"elementor-element elementor-element-24ebd5e6 elementor-widget elementor-widget-heading\" data-id=\"24ebd5e6\" data-element_type=\"widget\" data-widget_type=\"heading.default\">\n\t\t\t\t<div class=\"elementor-widget-container\">\n\t\t\t\t\t<h2 class=\"elementor-heading-title elementor-size-default\">Contact us for our services<\/h2>\t\t\t\t<\/div>\n\t\t\t\t<\/div>\n\t\t\t\t<div class=\"elementor-element elementor-element-39502a97 elementor-widget elementor-widget-heading\" data-id=\"39502a97\" data-element_type=\"widget\" data-widget_type=\"heading.default\">\n\t\t\t\t<div class=\"elementor-widget-container\">\n\t\t\t\t\t<h4 class=\"elementor-heading-title elementor-size-default\"><a href=\"tel:+383%2045%20727%20727\">Call us at <span style=\"color: #44900d\">+383 45 727 727<\/span><\/a><\/h4>\t\t\t\t<\/div>\n\t\t\t\t<\/div>\n\t\t\t\t<div class=\"elementor-element elementor-element-18fc8064 elementor-align-center elementor-widget elementor-widget-button\" data-id=\"18fc8064\" data-element_type=\"widget\" data-widget_type=\"button.default\">\n\t\t\t\t<div class=\"elementor-widget-container\">\n\t\t\t\t\t\t\t\t\t<div class=\"elementor-button-wrapper\">\n\t\t\t\t\t<a class=\"elementor-button elementor-button-link elementor-size-sm\" href=\"\/en\/kontakti\/\">\n\t\t\t\t\t\t<span class=\"elementor-button-content-wrapper\">\n\t\t\t\t\t\t<span class=\"elementor-button-icon\">\n\t\t\t\t<i aria-hidden=\"true\" class=\"fas fa-arrow-right\"><\/i>\t\t\t<\/span>\n\t\t\t\t\t\t\t\t\t<span class=\"elementor-button-text\">free consultation<\/span>\n\t\t\t\t\t<\/span>\n\t\t\t\t\t<\/a>\n\t\t\t\t<\/div>\n\t\t\t\t\t\t\t\t<\/div>\n\t\t\t\t<\/div>\n\t\t\t\t\t<\/div>\n\t\t<\/div>\n\t\t\t\t\t<\/div>\n\t\t<\/section>\n\t\t\t\t\t<\/div>\n\t\t<\/div>\n\t\t\t\t\t<\/div>\n\t\t<\/section>\n\t\t\t\t<\/div>","protected":false},"excerpt":{"rendered":"<p>Sh\u00ebrbimet Biznes planet Biznes planet \u201cFAKT Consulting\u201d \u00a0krijon \u201cBiznes Plane\u201d p\u00ebr strategjit\u00eb tuaja t\u00eb ndryshme n\u00eb arritjen e q\u00ebllimeve, n\u00eb projektet e caktuara dhe n\u00eb fusha<span class=\"excerpt-hellip\"> [\u2026]<\/span><\/p>","protected":false},"author":1,"featured_media":0,"parent":0,"menu_order":0,"comment_status":"closed","ping_status":"closed","template":"","meta":{"footnotes":""},"class_list":["post-768","page","type-page","status-publish","hentry"],"aioseo_notices":[],"_links":{"self":[{"href":"https:\/\/fakt-kos.com\/en\/wp-json\/wp\/v2\/pages\/768","targetHints":{"allow":["GET"]}}],"collection":[{"href":"https:\/\/fakt-kos.com\/en\/wp-json\/wp\/v2\/pages"}],"about":[{"href":"https:\/\/fakt-kos.com\/en\/wp-json\/wp\/v2\/types\/page"}],"author":[{"embeddable":true,"href":"https:\/\/fakt-kos.com\/en\/wp-json\/wp\/v2\/users\/1"}],"replies":[{"embeddable":true,"href":"https:\/\/fakt-kos.com\/en\/wp-json\/wp\/v2\/comments?post=768"}],"version-history":[{"count":11,"href":"https:\/\/fakt-kos.com\/en\/wp-json\/wp\/v2\/pages\/768\/revisions"}],"predecessor-version":[{"id":962,"href":"https:\/\/fakt-kos.com\/en\/wp-json\/wp\/v2\/pages\/768\/revisions\/962"}],"wp:attachment":[{"href":"https:\/\/fakt-kos.com\/en\/wp-json\/wp\/v2\/media?parent=768"}],"curies":[{"name":"wp","href":"https:\/\/api.w.org\/{rel}","templated":true}]}}