{"id":805,"date":"2023-05-25T09:46:09","date_gmt":"2023-05-25T09:46:09","guid":{"rendered":"https:\/\/da.ini-developersgrave.xyz\/?page_id=805"},"modified":"2023-05-25T09:47:30","modified_gmt":"2023-05-25T09:47:30","slug":"lajme","status":"publish","type":"page","link":"https:\/\/fakt-kos.com\/en\/lajme\/","title":{"rendered":"News"},"content":{"rendered":"<div data-elementor-type=\"wp-page\" data-elementor-id=\"805\" class=\"elementor elementor-805\">\n\t\t\t\t\t\t<section class=\"elementor-section elementor-top-section elementor-element elementor-element-799ff63 elementor-section-boxed elementor-section-height-default elementor-section-height-default\" data-id=\"799ff63\" data-element_type=\"section\">\n\t\t\t\t\t\t<div class=\"elementor-container elementor-column-gap-default\">\n\t\t\t\t\t<div class=\"elementor-column elementor-col-100 elementor-top-column elementor-element elementor-element-90dbb59\" data-id=\"90dbb59\" data-element_type=\"column\">\n\t\t\t<div class=\"elementor-widget-wrap elementor-element-populated\">\n\t\t\t\t\t\t<div class=\"elementor-element elementor-element-de5290b elementor-widget elementor-widget-mfn_blog\" data-id=\"de5290b\" data-element_type=\"widget\" data-widget_type=\"mfn_blog.default\">\n\t\t\t\t<div class=\"elementor-widget-container\">\n\t\t\t\t\t<div class=\"column_filters\"><div class=\"blog_wrapper isotope_wrapper clearfix\"><div class=\"posts_group element_classes lm_wrapper col- classic\"><div class=\"post-item isotope-item clearfix no-img post-934 post type-post status-publish format-standard hentry category-lajme\" style=\"\"><div class=\"date_label\">February 9, 2024<\/div><div class=\"image_frame post-photo-wrapper scale-with-grid image\"><div class=\"image_wrapper\"><\/div><\/div><div class=\"post-desc-wrapper bg- has-custom-bg\" style=\"\"><div class=\"post-desc\"><div class=\"post-head\"><div class=\"post-meta clearfix\"><div class=\"author-date\"><span class=\"vcard author post-author\"><span class=\"label\">Published by <\/span><i class=\"icon-user\" aria-label=\"author\"><\/i> <span class=\"fn\"><a href=\"https:\/\/fakt-kos.com\/en\/author\/faktconsulting\/\">faktconsulting<\/a><\/span><\/span> <span class=\"date\"><span class=\"label\">on <\/span><i class=\"icon-clock\" aria-label=\"published\"><\/i> <span class=\"post-date updated\">February 9, 2024<\/span><\/span><\/div><div class=\"category\"><span class=\"cat-btn\">Categories <i class=\"icon-down-dir\" aria-hidden=\"true\"><\/i><\/span><div class=\"cat-wrapper\"><ul class=\"post-categories\">\n\t<li><a href=\"https:\/\/fakt-kos.com\/en\/category\/lajme\/\" rel=\"category tag\">News<\/a><\/li><\/ul><\/div><\/div><\/div><\/div><div class=\"post-title\"><h2 class=\"entry-title\" itemprop=\"headline\"><a href=\"https:\/\/fakt-kos.com\/en\/hyn-ne-fuqi-ligji-nr-08-l-257-per-administrimin-e-procedurave-tatimore\/\">HYN N\u00cb FUQI LIGJI NR. 08\/L-257 P\u00cbR ADMINISTRIMIN E PROCEDURAVE TATIMORE<\/a><\/h2><\/div><div class=\"post-excerpt\">HYN N\u00cb FUQI LIGJI NR. 08\/L-257 P\u00cbR ADMINISTRIMIN E PROCEDURAVE TATIMORE Linku: https:\/\/gzk.rks-gov.net\/ActDetail.aspx?ActID=85269 DISA NGA NDRYSHIMET N\u00cb LIGJIN E RI P\u00cbR ATK Q\u00cb DO T\u00cb APLIKOHEN<span class=\"excerpt-hellip\"> [\u2026]<\/span><\/div><div class=\"post-footer\"><div class=\"button-love\"><span class=\"love-text\">Do you like it?<\/span><a href=\"#\" class=\"mfn-love\" data-id=\"934\"><span class=\"icons-wrapper\"><i class=\"icon-heart-empty-fa\" aria-label=\"loved\"><\/i><i class=\"icon-heart-fa\" aria-label=\"loved\"><\/i><\/span><span class=\"label\">3<\/span><\/a><\/div><div class=\"post-links\"><i class=\"icon-comment-empty-fa\" aria-label=\"number of comments\"><\/i> <a href=\"https:\/\/fakt-kos.com\/en\/hyn-ne-fuqi-ligji-nr-08-l-257-per-administrimin-e-procedurave-tatimore\/#respond\" class=\"post-comments\">0<\/a><i class=\"icon-doc-text\" aria-hidden=\"true\"><\/i> <a href=\"https:\/\/fakt-kos.com\/en\/hyn-ne-fuqi-ligji-nr-08-l-257-per-administrimin-e-procedurave-tatimore\/\" class=\"post-more\">Read more<\/a><\/div><\/div><\/div><\/div><\/div><\/div><\/div>\n<\/div>\n\t\t\t\t<\/div>\n\t\t\t\t<\/div>\n\t\t\t\t\t<\/div>\n\t\t<\/div>\n\t\t\t\t\t<\/div>\n\t\t<\/section>\n\t\t\t\t<\/div>","protected":false},"excerpt":{"rendered":"<p>May 25, 2023 Published by admin on May 25, 2023Categories Uncategorized Balanconi dhe raportioni pasqyrat financiare vjetore BALANCONI DHE RAPORTONI PASQYRAT FINANCIARE VJETORE T\u00eb dashur afarist<span class=\"excerpt-hellip\"> [\u2026]<\/span><\/p>","protected":false},"author":1,"featured_media":0,"parent":0,"menu_order":0,"comment_status":"closed","ping_status":"closed","template":"","meta":{"footnotes":""},"class_list":["post-805","page","type-page","status-publish","hentry"],"aioseo_notices":[],"_links":{"self":[{"href":"https:\/\/fakt-kos.com\/en\/wp-json\/wp\/v2\/pages\/805","targetHints":{"allow":["GET"]}}],"collection":[{"href":"https:\/\/fakt-kos.com\/en\/wp-json\/wp\/v2\/pages"}],"about":[{"href":"https:\/\/fakt-kos.com\/en\/wp-json\/wp\/v2\/types\/page"}],"author":[{"embeddable":true,"href":"https:\/\/fakt-kos.com\/en\/wp-json\/wp\/v2\/users\/1"}],"replies":[{"embeddable":true,"href":"https:\/\/fakt-kos.com\/en\/wp-json\/wp\/v2\/comments?post=805"}],"version-history":[{"count":5,"href":"https:\/\/fakt-kos.com\/en\/wp-json\/wp\/v2\/pages\/805\/revisions"}],"predecessor-version":[{"id":810,"href":"https:\/\/fakt-kos.com\/en\/wp-json\/wp\/v2\/pages\/805\/revisions\/810"}],"wp:attachment":[{"href":"https:\/\/fakt-kos.com\/en\/wp-json\/wp\/v2\/media?parent=805"}],"curies":[{"name":"wp","href":"https:\/\/api.w.org\/{rel}","templated":true}]}}