{"id":940,"date":"2025-02-27T14:36:19","date_gmt":"2025-02-27T14:36:19","guid":{"rendered":"https:\/\/fakt-kos.com\/?page_id=940"},"modified":"2025-02-28T13:39:40","modified_gmt":"2025-02-28T13:39:40","slug":"eskspertizat-financiare-gjyqesore","status":"publish","type":"page","link":"https:\/\/fakt-kos.com\/en\/eskspertizat-financiare-gjyqesore\/","title":{"rendered":"Financial \u2013 Judicial (Court) Expertise"},"content":{"rendered":"<div data-elementor-type=\"wp-page\" data-elementor-id=\"940\" class=\"elementor elementor-940\">\n\t\t\t\t\t\t<section class=\"elementor-section elementor-top-section elementor-element elementor-element-6d4ef0f elementor-section-full_width elementor-section-stretched elementor-section-height-default elementor-section-height-default\" data-id=\"6d4ef0f\" data-element_type=\"section\" data-settings=\"{&quot;stretch_section&quot;:&quot;section-stretched&quot;}\">\n\t\t\t\t\t\t<div class=\"elementor-container elementor-column-gap-wider\">\n\t\t\t\t\t<div class=\"elementor-column elementor-col-50 elementor-top-column elementor-element elementor-element-fd4efe3\" data-id=\"fd4efe3\" data-element_type=\"column\" data-settings=\"{&quot;background_background&quot;:&quot;classic&quot;}\">\n\t\t\t<div class=\"elementor-widget-wrap elementor-element-populated\">\n\t\t\t\t\t\t<section class=\"elementor-section elementor-inner-section elementor-element elementor-element-5d72cbd elementor-section-boxed elementor-section-height-default elementor-section-height-default\" data-id=\"5d72cbd\" data-element_type=\"section\">\n\t\t\t\t\t\t<div class=\"elementor-container elementor-column-gap-default\">\n\t\t\t\t\t<div class=\"elementor-column elementor-col-100 elementor-inner-column elementor-element elementor-element-9aa6470\" data-id=\"9aa6470\" data-element_type=\"column\">\n\t\t\t<div class=\"elementor-widget-wrap elementor-element-populated\">\n\t\t\t\t\t\t<div class=\"elementor-element elementor-element-5f39a89 elementor-widget elementor-widget-heading\" data-id=\"5f39a89\" data-element_type=\"widget\" data-widget_type=\"heading.default\">\n\t\t\t\t<div class=\"elementor-widget-container\">\n\t\t\t\t\t<h5 class=\"elementor-heading-title elementor-size-default\">Services<\/h5>\t\t\t\t<\/div>\n\t\t\t\t<\/div>\n\t\t\t\t<div class=\"elementor-element elementor-element-94d3439 elementor-widget elementor-widget-heading\" data-id=\"94d3439\" data-element_type=\"widget\" data-widget_type=\"heading.default\">\n\t\t\t\t<div class=\"elementor-widget-container\">\n\t\t\t\t\t<h2 class=\"elementor-heading-title elementor-size-default\"><span style=\"color: #FFF\">Financial \u2013 Judicial (Court) Expertise<\/span><\/h2>\t\t\t\t<\/div>\n\t\t\t\t<\/div>\n\t\t\t\t\t<\/div>\n\t\t<\/div>\n\t\t\t\t\t<\/div>\n\t\t<\/section>\n\t\t\t\t\t<\/div>\n\t\t<\/div>\n\t\t\t\t<div class=\"elementor-column elementor-col-50 elementor-top-column elementor-element elementor-element-3cd16b5\" data-id=\"3cd16b5\" data-element_type=\"column\" data-settings=\"{&quot;background_background&quot;:&quot;classic&quot;}\">\n\t\t\t<div class=\"elementor-widget-wrap elementor-element-populated\">\n\t\t\t\t\t\t<div class=\"elementor-element elementor-element-77ea993 elementor-widget elementor-widget-spacer\" data-id=\"77ea993\" data-element_type=\"widget\" data-widget_type=\"spacer.default\">\n\t\t\t\t<div class=\"elementor-widget-container\">\n\t\t\t\t\t\t\t<div class=\"elementor-spacer\">\n\t\t\t<div class=\"elementor-spacer-inner\"><\/div>\n\t\t<\/div>\n\t\t\t\t\t\t<\/div>\n\t\t\t\t<\/div>\n\t\t\t\t\t<\/div>\n\t\t<\/div>\n\t\t\t\t\t<\/div>\n\t\t<\/section>\n\t\t\t\t<section class=\"elementor-section elementor-top-section elementor-element elementor-element-407db02 elementor-section-stretched elementor-section-boxed elementor-section-height-default elementor-section-height-default\" data-id=\"407db02\" data-element_type=\"section\" id=\"solutions\" data-settings=\"{&quot;stretch_section&quot;:&quot;section-stretched&quot;,&quot;background_background&quot;:&quot;classic&quot;}\">\n\t\t\t\t\t\t<div class=\"elementor-container elementor-column-gap-wider\">\n\t\t\t\t\t<div class=\"elementor-column elementor-col-100 elementor-top-column elementor-element elementor-element-2c0002c\" data-id=\"2c0002c\" data-element_type=\"column\">\n\t\t\t<div class=\"elementor-widget-wrap elementor-element-populated\">\n\t\t\t\t\t\t<section class=\"elementor-section elementor-inner-section elementor-element elementor-element-0a07a4a elementor-section-boxed elementor-section-height-default elementor-section-height-default\" data-id=\"0a07a4a\" data-element_type=\"section\">\n\t\t\t\t\t\t<div class=\"elementor-container elementor-column-gap-default\">\n\t\t\t\t\t<div class=\"elementor-column elementor-col-50 elementor-inner-column elementor-element elementor-element-30bad67\" data-id=\"30bad67\" data-element_type=\"column\">\n\t\t\t<div class=\"elementor-widget-wrap elementor-element-populated\">\n\t\t\t\t\t\t<div class=\"elementor-element elementor-element-a60a078 elementor-widget elementor-widget-image\" data-id=\"a60a078\" data-element_type=\"widget\" data-widget_type=\"image.default\">\n\t\t\t\t<div class=\"elementor-widget-container\">\n\t\t\t\t\t\t\t\t\t\t\t\t\t\t\t<img fetchpriority=\"high\" decoding=\"async\" width=\"583\" height=\"667\" src=\"https:\/\/fakt-kos.com\/wp-content\/uploads\/2023\/05\/closeup-economist-using-calculator-while-going-through-bills-taxes-office.jpg\" class=\"attachment-full size-full wp-image-756\" alt=\"\" srcset=\"https:\/\/fakt-kos.com\/wp-content\/uploads\/2023\/05\/closeup-economist-using-calculator-while-going-through-bills-taxes-office.jpg 583w, https:\/\/fakt-kos.com\/wp-content\/uploads\/2023\/05\/closeup-economist-using-calculator-while-going-through-bills-taxes-office-262x300.jpg 262w, https:\/\/fakt-kos.com\/wp-content\/uploads\/2023\/05\/closeup-economist-using-calculator-while-going-through-bills-taxes-office-128x146.jpg 128w, https:\/\/fakt-kos.com\/wp-content\/uploads\/2023\/05\/closeup-economist-using-calculator-while-going-through-bills-taxes-office-44x50.jpg 44w, https:\/\/fakt-kos.com\/wp-content\/uploads\/2023\/05\/closeup-economist-using-calculator-while-going-through-bills-taxes-office-66x75.jpg 66w\" sizes=\"(max-width: 583px) 100vw, 583px\" \/>\t\t\t\t\t\t\t\t\t\t\t\t\t\t\t<\/div>\n\t\t\t\t<\/div>\n\t\t\t\t\t<\/div>\n\t\t<\/div>\n\t\t\t\t<div class=\"elementor-column elementor-col-50 elementor-inner-column elementor-element elementor-element-1f2df44\" data-id=\"1f2df44\" data-element_type=\"column\" data-settings=\"{&quot;background_background&quot;:&quot;classic&quot;}\">\n\t\t\t<div class=\"elementor-widget-wrap elementor-element-populated\">\n\t\t\t\t\t\t<div class=\"elementor-element elementor-element-1ba6d9b elementor-widget__width-initial elementor-widget elementor-widget-heading\" data-id=\"1ba6d9b\" data-element_type=\"widget\" data-widget_type=\"heading.default\">\n\t\t\t\t<div class=\"elementor-widget-container\">\n\t\t\t\t\t<h4 class=\"elementor-heading-title elementor-size-default\">Financial \u2013 Judicial (Court) Expertise<\/h4>\t\t\t\t<\/div>\n\t\t\t\t<\/div>\n\t\t\t\t<div class=\"elementor-element elementor-element-ebb1db9 elementor-widget__width-initial elementor-widget elementor-widget-image\" data-id=\"ebb1db9\" data-element_type=\"widget\" data-widget_type=\"image.default\">\n\t\t\t\t<div class=\"elementor-widget-container\">\n\t\t\t\t\t\t\t\t\t\t\t\t\t\t\t<img decoding=\"async\" width=\"304\" height=\"304\" src=\"https:\/\/fakt-kos.com\/wp-content\/uploads\/2023\/05\/accountant4-services-icon4.png\" class=\"attachment-large size-large wp-image-720\" alt=\"\" srcset=\"https:\/\/fakt-kos.com\/wp-content\/uploads\/2023\/05\/accountant4-services-icon4.png 304w, https:\/\/fakt-kos.com\/wp-content\/uploads\/2023\/05\/accountant4-services-icon4-300x300.png 300w, https:\/\/fakt-kos.com\/wp-content\/uploads\/2023\/05\/accountant4-services-icon4-150x150.png 150w, https:\/\/fakt-kos.com\/wp-content\/uploads\/2023\/05\/accountant4-services-icon4-146x146.png 146w, https:\/\/fakt-kos.com\/wp-content\/uploads\/2023\/05\/accountant4-services-icon4-50x50.png 50w, https:\/\/fakt-kos.com\/wp-content\/uploads\/2023\/05\/accountant4-services-icon4-75x75.png 75w, https:\/\/fakt-kos.com\/wp-content\/uploads\/2023\/05\/accountant4-services-icon4-85x85.png 85w, https:\/\/fakt-kos.com\/wp-content\/uploads\/2023\/05\/accountant4-services-icon4-80x80.png 80w\" sizes=\"(max-width: 304px) 100vw, 304px\" \/>\t\t\t\t\t\t\t\t\t\t\t\t\t\t\t<\/div>\n\t\t\t\t<\/div>\n\t\t\t\t<div class=\"elementor-element elementor-element-8ff6439 elementor-widget__width-initial elementor-widget elementor-widget-text-editor\" data-id=\"8ff6439\" data-element_type=\"widget\" data-widget_type=\"text-editor.default\">\n\t\t\t\t<div class=\"elementor-widget-container\">\n\t\t\t\t\t\t\t\t\t<div class=\"vc_row wpb_row vc_row-fluid vc_custom_1594250064162\" data-vc-full-width=\"true\" data-vc-full-width-init=\"true\"><div class=\"wpb_column vc_column_container vc_col-sm-6\"><div class=\"vc_column-inner vc_custom_1473920715852\"><div class=\"wpb_wrapper\"><div class=\"wpb_text_column wpb_content_element vc_custom_1590772228261\"><div class=\"wpb_wrapper\"><p>In the field of \u201cFinancial and Judicial (Court) Expertise\u201d, we provide professional services that cover a wide range of analyses and assessments, necessary for resolving legal and financial issues. Our experts are certified and have deep experience in the field of financial analysis, ensuring that every information is reliable and accurate in legal processes and decision-making.<\/p><p><strong>The services we provide include:<\/strong><\/p><ul><li><strong>Financial analysis for litigation matters: <\/strong>through financial litigation expertise, we assist parties in litigation disputes, in determining economic damages, financial disputes, lost profits, economic, financial and tax transactions, of parties in finance-related litigation.<\/li><li><strong>Financial consultancy:<\/strong> providing consultancy on financial matters and assistance in preparing reports and documents to be used during legal proceedings.<\/li><li><strong>Investigations of assets and financial resources:<\/strong> In cases of in-depth investigations of hidden assets or tax evasion, our team provides specialized services to discover and analyze assets and financial resources.<\/li><li><strong>Handling tax matters:<\/strong> our experts provide specialized services for handling tax matters, including advising and defending clients regarding tax obligations and disputes with tax authorities in the Republic of Kosovo.<\/li><li><strong>Tax avoidance and tax evasion:<\/strong> financial expertise on tax avoidance or tax evasion, ensuring relevant institutions that individuals and businesses have followed legal and sustainable tax practices, respecting the law on taxes and fees in the Republic of Kosovo, helping to prevent tax avoidance and other acts with possible legal consequences.<\/li><li><strong>Fair treatment of tax and financial obligations:<\/strong> Providing services for the management and fair treatment of tax and financial obligations, to ensure that institutions and entities [<em>taxpayers<\/em>] fulfill their obligations accurately and in accordance with the law.<\/li><li><strong>Handling disputes between entities and business partners:<\/strong> Our experts provide precise expertise in resolving disputes and conflicts between entities or business partners. This includes the analysis of business agreements [<em>contracts<\/em>], the assessment of economic and financial damages, helping to achieve a fair and sustainable solution for the parties involved in various economic disputes, reducing negative consequences and enabling a healthy continuity of business relationships.<\/li><\/ul><p>Financial and judicial expertise is regulated by <strong>Law No. 08\/L-191 on Judicial (Court) Experts<\/strong> and <strong>Regulation No. 03_2022<\/strong> on the procedures, conditions and remuneration of judicial experts. This ensures that any expertise is carried out in accordance with the laws, providing reliable and accurate services for any type of judicial process.<\/p><\/div><\/div><\/div><\/div><\/div><\/div>\t\t\t\t\t\t\t\t<\/div>\n\t\t\t\t<\/div>\n\t\t\t\t\t<\/div>\n\t\t<\/div>\n\t\t\t\t\t<\/div>\n\t\t<\/section>\n\t\t\t\t\t<\/div>\n\t\t<\/div>\n\t\t\t\t\t<\/div>\n\t\t<\/section>\n\t\t\t\t<section class=\"elementor-section elementor-top-section elementor-element elementor-element-1488c33 elementor-section-stretched elementor-section-boxed elementor-section-height-default elementor-section-height-default\" data-id=\"1488c33\" data-element_type=\"section\" data-settings=\"{&quot;stretch_section&quot;:&quot;section-stretched&quot;,&quot;background_background&quot;:&quot;classic&quot;}\">\n\t\t\t\t\t\t<div class=\"elementor-container elementor-column-gap-wider\">\n\t\t\t\t\t<div class=\"elementor-column elementor-col-100 elementor-top-column elementor-element elementor-element-d10fe29\" data-id=\"d10fe29\" data-element_type=\"column\">\n\t\t\t<div class=\"elementor-widget-wrap elementor-element-populated\">\n\t\t\t\t\t\t<section class=\"elementor-section elementor-inner-section elementor-element elementor-element-9fe644b elementor-section-boxed elementor-section-height-default elementor-section-height-default\" data-id=\"9fe644b\" data-element_type=\"section\">\n\t\t\t\t\t\t<div class=\"elementor-container elementor-column-gap-default\">\n\t\t\t\t\t<div class=\"elementor-column elementor-col-50 elementor-inner-column elementor-element elementor-element-673f225\" data-id=\"673f225\" data-element_type=\"column\">\n\t\t\t<div class=\"elementor-widget-wrap elementor-element-populated\">\n\t\t\t\t\t\t<div class=\"elementor-element elementor-element-b6607e9 elementor-widget elementor-widget-image\" data-id=\"b6607e9\" data-element_type=\"widget\" data-widget_type=\"image.default\">\n\t\t\t\t<div class=\"elementor-widget-container\">\n\t\t\t\t\t\t\t\t\t\t\t\t\t\t\t<img decoding=\"async\" width=\"700\" height=\"906\" src=\"https:\/\/fakt-kos.com\/wp-content\/uploads\/2025\/02\/New-Project.webp\" class=\"attachment-full size-full wp-image-980\" alt=\"\" srcset=\"https:\/\/fakt-kos.com\/wp-content\/uploads\/2025\/02\/New-Project.webp 700w, https:\/\/fakt-kos.com\/wp-content\/uploads\/2025\/02\/New-Project-232x300.webp 232w, https:\/\/fakt-kos.com\/wp-content\/uploads\/2025\/02\/New-Project-9x12.webp 9w, https:\/\/fakt-kos.com\/wp-content\/uploads\/2025\/02\/New-Project-113x146.webp 113w, https:\/\/fakt-kos.com\/wp-content\/uploads\/2025\/02\/New-Project-39x50.webp 39w, https:\/\/fakt-kos.com\/wp-content\/uploads\/2025\/02\/New-Project-58x75.webp 58w\" sizes=\"(max-width: 700px) 100vw, 700px\" \/>\t\t\t\t\t\t\t\t\t\t\t\t\t\t\t<\/div>\n\t\t\t\t<\/div>\n\t\t\t\t\t<\/div>\n\t\t<\/div>\n\t\t\t\t<div class=\"elementor-column elementor-col-50 elementor-inner-column elementor-element elementor-element-15f56f8\" data-id=\"15f56f8\" data-element_type=\"column\" data-settings=\"{&quot;background_background&quot;:&quot;classic&quot;}\">\n\t\t\t<div class=\"elementor-widget-wrap elementor-element-populated\">\n\t\t\t\t\t\t<div class=\"elementor-element elementor-element-c46def6 elementor-widget__width-initial elementor-widget elementor-widget-text-editor\" data-id=\"c46def6\" data-element_type=\"widget\" data-widget_type=\"text-editor.default\">\n\t\t\t\t<div class=\"elementor-widget-container\">\n\t\t\t\t\t\t\t\t\t<div class=\"vc_row wpb_row vc_row-fluid vc_custom_1594250064162\" data-vc-full-width=\"true\" data-vc-full-width-init=\"true\"><div class=\"wpb_column vc_column_container vc_col-sm-6\"><div class=\"vc_column-inner vc_custom_1473920715852\"><div class=\"wpb_wrapper\"><div class=\"wpb_text_column wpb_content_element vc_custom_1590772228261\"><div class=\"wpb_wrapper\"><p class=\"MsoNormal\" style=\"text-align: justify;\"><b><span style=\"font-family: 'Aptos Display',sans-serif; mso-ascii-theme-font: major-latin; mso-hansi-theme-font: major-latin; mso-no-proof: yes;\">Expert MRs. Nazmi Bajrami, Certified Auditor:<\/span><\/b><\/p><p class=\"MsoNormal\" style=\"text-align: justify;\"><span style=\"font-family: 'Aptos Display',sans-serif; mso-ascii-theme-font: major-latin; mso-hansi-theme-font: major-latin; mso-no-proof: yes;\">Our expert, <b>Nazmi Bajrami<\/b>, with license number 196\/23, issued by the Judicial Council of the Republic of Kosovo on 06.04.2023, is registered in <b>the List of Judicial (Court) Experts<\/b> with ordinal number 196. The expert provides financial and judicial expertise services in accordance with the relevant law and regulations.<\/span><\/p><p class=\"MsoNormal\" style=\"text-align: justify;\"><span style=\"font-family: 'Aptos Display',sans-serif; mso-ascii-theme-font: major-latin; mso-hansi-theme-font: major-latin; mso-no-proof: yes;\">To view the list of judicial experts and verify the ordinal number 196, you can click on the link below: <b>\u201c<a href=\"https:\/\/www.gjyqesori-rks.org\/wp-content\/uploads\/2023\/04\/KGJK_Lista_eksperteve_gjyqesor.pdf\" target=\"_blank\" rel=\"noopener\">List\u00ebn e Ekspert\u00ebve Gjyq\u00ebsor\u00eb\u201d.<\/a><\/b><\/span><\/p><p class=\"MsoNormal\" style=\"text-align: justify;\"><span style=\"font-family: 'Aptos Display',sans-serif; mso-ascii-theme-font: major-latin; mso-hansi-theme-font: major-latin; mso-no-proof: yes;\">All information collected during the financial and judicial expertise process is protected in accordance with the law on the protection of personal data in the Republic of Kosovo. We also ensure that information collected in the financial, judicial and criminal fields is treated with complete confidentiality, respecting all legal rules and norms for the protection of privacy and data security.<\/span><\/p><p class=\"MsoNormal\" style=\"text-align: justify;\"><span style=\"font-family: 'Aptos Display',sans-serif; mso-ascii-theme-font: major-latin; mso-hansi-theme-font: major-latin; mso-no-proof: yes;\">Our experts are equipped with in-depth legal and financial knowledge, providing reliable and accurate services for any type of litigation, as well as for individuals and companies seeking a fair and objective assessment of their financial situations.<\/span><\/p><p class=\"MsoNormal\" style=\"text-align: justify;\"><span style=\"font-family: 'Aptos Display',sans-serif; mso-ascii-theme-font: major-latin; mso-hansi-theme-font: major-latin; mso-no-proof: yes;\">For any questions or requests for financial and judicial expertise services, do not hesitate to contact us, through the website <\/span><a href=\"https:\/\/fakt-kos.com\/en\/\"><span style=\"font-family: 'Aptos Display',sans-serif; mso-ascii-theme-font: major-latin; mso-hansi-theme-font: major-latin; mso-no-proof: yes;\">www.fakt-kos.com<\/span><\/a><span style=\"font-family: 'Aptos Display',sans-serif; mso-ascii-theme-font: major-latin; mso-hansi-theme-font: major-latin; mso-no-proof: yes;\"> or directly via e-mail <\/span><a href=\"mailto:nazmi.bajrami@fakt-kos.com\"><span style=\"font-family: 'Aptos Display',sans-serif; mso-ascii-theme-font: major-latin; mso-hansi-theme-font: major-latin; mso-no-proof: yes;\">nazmi.bajrami@fakt-kos.com<\/span><\/a><span style=\"font-family: 'Aptos Display',sans-serif; mso-ascii-theme-font: major-latin; mso-hansi-theme-font: major-latin; mso-no-proof: yes;\">.<\/span><\/p><\/div><\/div><\/div><\/div><\/div><\/div>\t\t\t\t\t\t\t\t<\/div>\n\t\t\t\t<\/div>\n\t\t\t\t\t<\/div>\n\t\t<\/div>\n\t\t\t\t\t<\/div>\n\t\t<\/section>\n\t\t\t\t\t<\/div>\n\t\t<\/div>\n\t\t\t\t\t<\/div>\n\t\t<\/section>\n\t\t\t\t<section class=\"elementor-section elementor-top-section elementor-element elementor-element-58e9541b elementor-section-stretched elementor-section-boxed elementor-section-height-default elementor-section-height-default\" data-id=\"58e9541b\" data-element_type=\"section\" data-settings=\"{&quot;stretch_section&quot;:&quot;section-stretched&quot;,&quot;background_background&quot;:&quot;classic&quot;}\">\n\t\t\t\t\t\t<div class=\"elementor-container elementor-column-gap-wider\">\n\t\t\t\t\t<div class=\"elementor-column elementor-col-100 elementor-top-column elementor-element elementor-element-2f719de4\" data-id=\"2f719de4\" data-element_type=\"column\">\n\t\t\t<div class=\"elementor-widget-wrap elementor-element-populated\">\n\t\t\t\t\t\t<section class=\"elementor-section elementor-inner-section elementor-element elementor-element-55ee1c51 elementor-section-boxed elementor-section-height-default elementor-section-height-default\" data-id=\"55ee1c51\" data-element_type=\"section\">\n\t\t\t\t\t\t<div class=\"elementor-container elementor-column-gap-default\">\n\t\t\t\t\t<div class=\"elementor-column elementor-col-100 elementor-inner-column elementor-element elementor-element-6167e1a1\" data-id=\"6167e1a1\" data-element_type=\"column\">\n\t\t\t<div class=\"elementor-widget-wrap elementor-element-populated\">\n\t\t\t\t\t\t<div class=\"elementor-element elementor-element-24ebd5e6 elementor-widget elementor-widget-heading\" data-id=\"24ebd5e6\" data-element_type=\"widget\" data-widget_type=\"heading.default\">\n\t\t\t\t<div class=\"elementor-widget-container\">\n\t\t\t\t\t<h2 class=\"elementor-heading-title elementor-size-default\">Contact us for our services<\/h2>\t\t\t\t<\/div>\n\t\t\t\t<\/div>\n\t\t\t\t<div class=\"elementor-element elementor-element-39502a97 elementor-widget elementor-widget-heading\" data-id=\"39502a97\" data-element_type=\"widget\" data-widget_type=\"heading.default\">\n\t\t\t\t<div class=\"elementor-widget-container\">\n\t\t\t\t\t<h4 class=\"elementor-heading-title elementor-size-default\"><a href=\"tel:+383%2045%20727%20727\">Call us at <span style=\"color: #44900d\">+383 45 727 727<\/span><\/a><\/h4>\t\t\t\t<\/div>\n\t\t\t\t<\/div>\n\t\t\t\t<div class=\"elementor-element elementor-element-18fc8064 elementor-align-center elementor-widget elementor-widget-button\" data-id=\"18fc8064\" data-element_type=\"widget\" data-widget_type=\"button.default\">\n\t\t\t\t<div class=\"elementor-widget-container\">\n\t\t\t\t\t\t\t\t\t<div class=\"elementor-button-wrapper\">\n\t\t\t\t\t<a class=\"elementor-button elementor-button-link elementor-size-sm\" href=\"\/en\/kontakti\/\">\n\t\t\t\t\t\t<span class=\"elementor-button-content-wrapper\">\n\t\t\t\t\t\t<span class=\"elementor-button-icon\">\n\t\t\t\t<i aria-hidden=\"true\" class=\"fas fa-arrow-right\"><\/i>\t\t\t<\/span>\n\t\t\t\t\t\t\t\t\t<span class=\"elementor-button-text\">free consultation<\/span>\n\t\t\t\t\t<\/span>\n\t\t\t\t\t<\/a>\n\t\t\t\t<\/div>\n\t\t\t\t\t\t\t\t<\/div>\n\t\t\t\t<\/div>\n\t\t\t\t\t<\/div>\n\t\t<\/div>\n\t\t\t\t\t<\/div>\n\t\t<\/section>\n\t\t\t\t\t<\/div>\n\t\t<\/div>\n\t\t\t\t\t<\/div>\n\t\t<\/section>\n\t\t\t\t<\/div>","protected":false},"excerpt":{"rendered":"<p>Sh\u00ebrbimet Eskspertizat Financiare &#8211; Gjyq\u00ebsore Eskspertizat Financiare &#8211; Gjyq\u00ebsore N\u00eb fush\u00ebn e \u201cEkspertiz\u00ebs Financiare dhe Gjyq\u00ebsore\u201d, ofrojm\u00eb sh\u00ebrbime profesionale t\u00eb cilat mbulojn\u00eb nj\u00eb gam\u00eb t\u00eb gjer\u00eb<span class=\"excerpt-hellip\"> [\u2026]<\/span><\/p>","protected":false},"author":2,"featured_media":0,"parent":0,"menu_order":0,"comment_status":"closed","ping_status":"closed","template":"","meta":{"footnotes":""},"class_list":["post-940","page","type-page","status-publish","hentry"],"aioseo_notices":[],"_links":{"self":[{"href":"https:\/\/fakt-kos.com\/en\/wp-json\/wp\/v2\/pages\/940","targetHints":{"allow":["GET"]}}],"collection":[{"href":"https:\/\/fakt-kos.com\/en\/wp-json\/wp\/v2\/pages"}],"about":[{"href":"https:\/\/fakt-kos.com\/en\/wp-json\/wp\/v2\/types\/page"}],"author":[{"embeddable":true,"href":"https:\/\/fakt-kos.com\/en\/wp-json\/wp\/v2\/users\/2"}],"replies":[{"embeddable":true,"href":"https:\/\/fakt-kos.com\/en\/wp-json\/wp\/v2\/comments?post=940"}],"version-history":[{"count":19,"href":"https:\/\/fakt-kos.com\/en\/wp-json\/wp\/v2\/pages\/940\/revisions"}],"predecessor-version":[{"id":989,"href":"https:\/\/fakt-kos.com\/en\/wp-json\/wp\/v2\/pages\/940\/revisions\/989"}],"wp:attachment":[{"href":"https:\/\/fakt-kos.com\/en\/wp-json\/wp\/v2\/media?parent=940"}],"curies":[{"name":"wp","href":"https:\/\/api.w.org\/{rel}","templated":true}]}}