{"id":1003,"date":"2025-03-05T11:38:02","date_gmt":"2025-03-05T11:38:02","guid":{"rendered":"https:\/\/fakt-kos.com\/?post_type=product&#038;p=1003"},"modified":"2025-04-12T22:04:15","modified_gmt":"2025-04-12T22:04:15","slug":"zgjedheni-sherbimin-tuaj","status":"publish","type":"product","link":"https:\/\/fakt-kos.com\/en\/product\/zgjedheni-sherbimin-tuaj\/","title":{"rendered":"Zgjidhni sh\u00ebrbimin tuaj"},"content":{"rendered":"","protected":false},"excerpt":{"rendered":"<p>Ne ofrojm\u00eb sh\u00ebrbime profesionale n\u00eb fusha t\u00eb ndryshme. Ju lutemi zgjidhni sh\u00ebrbimin q\u00eb ju nevojitet:<\/p>","protected":false},"featured_media":1092,"comment_status":"open","ping_status":"closed","template":"","meta":[],"product_brand":[],"product_cat":[18],"product_tag":[],"class_list":{"0":"post-1003","1":"product","2":"type-product","3":"status-publish","4":"has-post-thumbnail","6":"product_cat-fakt-consulting","8":"first","9":"instock","10":"shipping-taxable","11":"purchasable","12":"product-type-variable"},"aioseo_notices":[],"_links":{"self":[{"href":"https:\/\/fakt-kos.com\/en\/wp-json\/wp\/v2\/product\/1003","targetHints":{"allow":["GET"]}}],"collection":[{"href":"https:\/\/fakt-kos.com\/en\/wp-json\/wp\/v2\/product"}],"about":[{"href":"https:\/\/fakt-kos.com\/en\/wp-json\/wp\/v2\/types\/product"}],"replies":[{"embeddable":true,"href":"https:\/\/fakt-kos.com\/en\/wp-json\/wp\/v2\/comments?post=1003"}],"version-history":[{"count":4,"href":"https:\/\/fakt-kos.com\/en\/wp-json\/wp\/v2\/product\/1003\/revisions"}],"predecessor-version":[{"id":1018,"href":"https:\/\/fakt-kos.com\/en\/wp-json\/wp\/v2\/product\/1003\/revisions\/1018"}],"wp:featuredmedia":[{"embeddable":true,"href":"https:\/\/fakt-kos.com\/en\/wp-json\/wp\/v2\/media\/1092"}],"wp:attachment":[{"href":"https:\/\/fakt-kos.com\/en\/wp-json\/wp\/v2\/media?parent=1003"}],"wp:term":[{"taxonomy":"product_brand","embeddable":true,"href":"https:\/\/fakt-kos.com\/en\/wp-json\/wp\/v2\/product_brand?post=1003"},{"taxonomy":"product_cat","embeddable":true,"href":"https:\/\/fakt-kos.com\/en\/wp-json\/wp\/v2\/product_cat?post=1003"},{"taxonomy":"product_tag","embeddable":true,"href":"https:\/\/fakt-kos.com\/en\/wp-json\/wp\/v2\/product_tag?post=1003"}],"curies":[{"name":"wp","href":"https:\/\/api.w.org\/{rel}","templated":true}]}}